{"id":37,"date":"2023-01-31T10:36:02","date_gmt":"2023-01-31T13:36:02","guid":{"rendered":"https:\/\/tarahumaras.praxis.pro.br\/?page_id=37"},"modified":"2023-02-01T10:49:20","modified_gmt":"2023-02-01T13:49:20","slug":"artaud-e-seu-duplo-1990","status":"publish","type":"page","link":"https:\/\/tarahumaras.praxis.pro.br\/index.php\/artaud-e-seu-duplo-1990\/","title":{"rendered":"ARTAUD E SEU DUPLO (1990)"},"content":{"rendered":"<p style=\"font-weight: 400;\"><strong>Texto e Encena\u00e7\u00e3o: <span style=\"font-size: 12pt;\"><a href=\"https:\/\/wilsoncoelho.praxis.pro.br\/\">Wilson Co\u00ealho<\/a><\/span>.<\/strong><\/p>\n<p style=\"font-weight: 400;\"><strong>Sinopse<\/strong>: Extrato da pe\u00e7a &#8220;Antonin Artaud &#8211; Atos de Crueldade&#8221;, enfatizando as passagens de Artaud por diversos manic\u00f4mios, sua rela\u00e7\u00e3o com Anais Nin, suas id\u00e9ias sobre o teatro e visita aos \u00edndios Tarahumaras no M\u00e9xico.<\/p>\n<p>\u00a0<img data-recalc-dims=\"1\" loading=\"lazy\" decoding=\"async\" class=\"alignnone wp-image-38 size-large\" src=\"https:\/\/i0.wp.com\/tarahumaras.praxis.pro.br\/wp-content\/uploads\/2023\/01\/Artaud-e-seu-duplo.jpg?resize=779%2C1024&#038;ssl=1\" alt=\"\" width=\"779\" height=\"1024\" srcset=\"https:\/\/i0.wp.com\/tarahumaras.praxis.pro.br\/wp-content\/uploads\/2023\/01\/Artaud-e-seu-duplo-scaled.jpg?resize=779%2C1024&amp;ssl=1 779w, https:\/\/i0.wp.com\/tarahumaras.praxis.pro.br\/wp-content\/uploads\/2023\/01\/Artaud-e-seu-duplo-scaled.jpg?resize=228%2C300&amp;ssl=1 228w, https:\/\/i0.wp.com\/tarahumaras.praxis.pro.br\/wp-content\/uploads\/2023\/01\/Artaud-e-seu-duplo-scaled.jpg?resize=768%2C1010&amp;ssl=1 768w, https:\/\/i0.wp.com\/tarahumaras.praxis.pro.br\/wp-content\/uploads\/2023\/01\/Artaud-e-seu-duplo-scaled.jpg?resize=1168%2C1536&amp;ssl=1 1168w, https:\/\/i0.wp.com\/tarahumaras.praxis.pro.br\/wp-content\/uploads\/2023\/01\/Artaud-e-seu-duplo-scaled.jpg?resize=1558%2C2048&amp;ssl=1 1558w, https:\/\/i0.wp.com\/tarahumaras.praxis.pro.br\/wp-content\/uploads\/2023\/01\/Artaud-e-seu-duplo-scaled.jpg?w=1947&amp;ssl=1 1947w\" sizes=\"auto, (max-width: 779px) 100vw, 779px\" \/><\/p>\n","protected":false},"excerpt":{"rendered":"<p>Texto e Encena\u00e7\u00e3o: Wilson Co\u00ealho. Sinopse: Extrato da pe\u00e7a &#8220;Antonin Artaud &#8211; Atos de Crueldade&#8221;, enfatizando as passagens de Artaud por diversos manic\u00f4mios, sua rela\u00e7\u00e3o com Anais Nin, suas id\u00e9ias sobre o teatro e visita aos \u00edndios Tarahumaras no M\u00e9xico. \u00a0<\/p>\n","protected":false},"author":1,"featured_media":0,"parent":0,"menu_order":0,"comment_status":"closed","ping_status":"closed","template":"","meta":{"footnotes":""},"class_list":["post-37","page","type-page","status-publish","hentry"],"jetpack_sharing_enabled":true,"_links":{"self":[{"href":"https:\/\/tarahumaras.praxis.pro.br\/index.php\/wp-json\/wp\/v2\/pages\/37","targetHints":{"allow":["GET"]}}],"collection":[{"href":"https:\/\/tarahumaras.praxis.pro.br\/index.php\/wp-json\/wp\/v2\/pages"}],"about":[{"href":"https:\/\/tarahumaras.praxis.pro.br\/index.php\/wp-json\/wp\/v2\/types\/page"}],"author":[{"embeddable":true,"href":"https:\/\/tarahumaras.praxis.pro.br\/index.php\/wp-json\/wp\/v2\/users\/1"}],"replies":[{"embeddable":true,"href":"https:\/\/tarahumaras.praxis.pro.br\/index.php\/wp-json\/wp\/v2\/comments?post=37"}],"version-history":[{"count":2,"href":"https:\/\/tarahumaras.praxis.pro.br\/index.php\/wp-json\/wp\/v2\/pages\/37\/revisions"}],"predecessor-version":[{"id":284,"href":"https:\/\/tarahumaras.praxis.pro.br\/index.php\/wp-json\/wp\/v2\/pages\/37\/revisions\/284"}],"wp:attachment":[{"href":"https:\/\/tarahumaras.praxis.pro.br\/index.php\/wp-json\/wp\/v2\/media?parent=37"}],"curies":[{"name":"wp","href":"https:\/\/api.w.org\/{rel}","templated":true}]}}