{"id":27,"date":"2023-01-31T10:29:53","date_gmt":"2023-01-31T13:29:53","guid":{"rendered":"https:\/\/tarahumaras.praxis.pro.br\/?page_id=27"},"modified":"2024-04-28T18:21:44","modified_gmt":"2024-04-28T21:21:44","slug":"producao-teatral","status":"publish","type":"page","link":"https:\/\/tarahumaras.praxis.pro.br\/index.php\/producao-teatral\/","title":{"rendered":"Produ\u00e7\u00e3o Teatral"},"content":{"rendered":"<p><span style=\"font-size: 12pt;\"><img data-recalc-dims=\"1\" loading=\"lazy\" decoding=\"async\" class=\"alignnone wp-image-88\" src=\"https:\/\/i0.wp.com\/tarahumaras.praxis.pro.br\/wp-content\/uploads\/2023\/01\/teatro_reduzido.png?resize=47%2C45&#038;ssl=1\" alt=\"\" width=\"47\" height=\"45\" \/> <a href=\"https:\/\/tarahumaras.praxis.pro.br\/index.php\/violeta-de-los-andes-2024\/\">VIOLETA DOS ANDES (2024)<\/a> &#8211; <b>Tradu\u00e7\u00e3o, Texto e Encena\u00e7\u00e3o: <strong> <a href=\"https:\/\/wilsoncoelho.praxis.pro.br\/\">Wilson Co\u00ealho<\/a><\/strong><\/b><\/span><\/p>\n<p><span style=\"font-size: 12pt;\"><img data-recalc-dims=\"1\" loading=\"lazy\" decoding=\"async\" class=\"alignnone wp-image-88\" src=\"https:\/\/i0.wp.com\/tarahumaras.praxis.pro.br\/wp-content\/uploads\/2023\/01\/teatro_reduzido.png?resize=47%2C45&#038;ssl=1\" alt=\"\" width=\"47\" height=\"45\" \/>\u00a0<a href=\"https:\/\/tarahumaras.praxis.pro.br\/index.php\/oracao\/\">ORA\u00c7\u00c3O &#8211;\u00a0<\/a><strong>Tradu\u00e7\u00e3o e Encena\u00e7\u00e3o: <a href=\"https:\/\/wilsoncoelho.praxis.pro.br\/\">Wilson Co\u00ealho<\/a><\/strong><\/span><\/p>\n<p><span style=\"font-size: 12pt;\"><img data-recalc-dims=\"1\" loading=\"lazy\" decoding=\"async\" class=\"alignnone wp-image-88\" src=\"https:\/\/i0.wp.com\/tarahumaras.praxis.pro.br\/wp-content\/uploads\/2023\/01\/teatro_reduzido.png?resize=47%2C45&#038;ssl=1\" alt=\"\" width=\"47\" height=\"45\" \/>\u00a0<a href=\"https:\/\/tarahumaras.praxis.pro.br\/index.php\/um-grito-parado-no-ar\/\">UM GRITO PARADO NO AR<\/a> &#8211; <strong>Encena\u00e7\u00e3o: <a href=\"https:\/\/wilsoncoelho.praxis.pro.br\/\">Wilson Co\u00ealho<\/a><\/strong><\/span><\/p>\n<p><span style=\"font-size: 12pt;\"><img data-recalc-dims=\"1\" loading=\"lazy\" decoding=\"async\" class=\"alignnone wp-image-88\" src=\"https:\/\/i0.wp.com\/tarahumaras.praxis.pro.br\/wp-content\/uploads\/2023\/01\/teatro_reduzido.png?resize=47%2C45&#038;ssl=1\" alt=\"\" width=\"47\" height=\"45\" \/>\u00a0<a href=\"https:\/\/tarahumaras.praxis.pro.br\/index.php\/os-ultimos-dias-de-pauperia-2016\/\">OS \u00daLTIMOS DIAS DE PAUP\u00c9RIA (2016)<\/a> &#8211; <b>Texto e Encena\u00e7\u00e3o: <strong> <a href=\"https:\/\/wilsoncoelho.praxis.pro.br\/\">Wilson Co\u00ealho<\/a><\/strong><\/b><\/span><\/p>\n<p><span style=\"font-size: 12pt;\"><img data-recalc-dims=\"1\" loading=\"lazy\" decoding=\"async\" class=\"alignnone wp-image-88\" src=\"https:\/\/i0.wp.com\/tarahumaras.praxis.pro.br\/wp-content\/uploads\/2023\/01\/teatro_reduzido.png?resize=47%2C45&#038;ssl=1\" alt=\"\" width=\"47\" height=\"45\" \/>\u00a0<a href=\"https:\/\/tarahumaras.praxis.pro.br\/index.php\/carta-de-amor-como-um-suplicio-chines-2014\/\">CARTA DE AMOR \u2013 Como um supl\u00edcio chin\u00eas (2014)<\/a> &#8211;<strong> Texto: Fernando Arrabal &#8211; Tradu\u00e7\u00e3o e Encena\u00e7\u00e3o: <a href=\"https:\/\/wilsoncoelho.praxis.pro.br\/\">Wilson Co\u00ealho<\/a><\/strong><\/span><\/p>\n<p><span style=\"font-size: 12pt;\"><img data-recalc-dims=\"1\" loading=\"lazy\" decoding=\"async\" class=\"alignnone wp-image-88\" src=\"https:\/\/i0.wp.com\/tarahumaras.praxis.pro.br\/wp-content\/uploads\/2023\/01\/teatro_reduzido.png?resize=47%2C45&#038;ssl=1\" alt=\"\" width=\"47\" height=\"45\" \/> \u00a0<a href=\"https:\/\/tarahumaras.praxis.pro.br\/index.php\/a-vida-e-sonho-2013\/\">A VIDA \u00c9 SONHO (2013)<\/a> &#8211; <b>Texto, Tradu\u00e7\u00e3o e Encena\u00e7\u00e3o: <strong> <a href=\"https:\/\/wilsoncoelho.praxis.pro.br\/\">Wilson Co\u00ealho<\/a><\/strong><\/b><\/span><\/p>\n<p><span style=\"font-size: 12pt;\"><img data-recalc-dims=\"1\" loading=\"lazy\" decoding=\"async\" class=\"alignnone wp-image-88\" src=\"https:\/\/i0.wp.com\/tarahumaras.praxis.pro.br\/wp-content\/uploads\/2023\/01\/teatro_reduzido.png?resize=47%2C45&#038;ssl=1\" alt=\"\" width=\"47\" height=\"45\" \/>\u00a0<a href=\"https:\/\/tarahumaras.praxis.pro.br\/index.php\/o-cemiterio-de-automoveis-2010\/\">O CEMIT\u00c9RIO DE AUTOM\u00d3VEIS (2010)<\/a> &#8211; <b>Texto, Tradu\u00e7\u00e3o e Encena\u00e7\u00e3o: <strong> <a href=\"https:\/\/wilsoncoelho.praxis.pro.br\/\">Wilson Co\u00ealho<\/a><\/strong><\/b><\/span><\/p>\n<p><span style=\"font-size: 12pt;\"><img data-recalc-dims=\"1\" loading=\"lazy\" decoding=\"async\" class=\"alignnone wp-image-88\" src=\"https:\/\/i0.wp.com\/tarahumaras.praxis.pro.br\/wp-content\/uploads\/2023\/01\/teatro_reduzido.png?resize=47%2C45&#038;ssl=1\" alt=\"\" width=\"47\" height=\"45\" \/>\u00a0<a href=\"https:\/\/tarahumaras.praxis.pro.br\/index.php\/uma-temporada-no-inferno-2007\/\">UMA TEMPORADA NO INFERNO (2007)<\/a> &#8211; <b>Texto e Encena\u00e7\u00e3o: <strong> <a href=\"https:\/\/wilsoncoelho.praxis.pro.br\/\">Wilson Co\u00ealho<\/a><\/strong><\/b><\/span><\/p>\n<p><span style=\"font-size: 12pt;\"><img data-recalc-dims=\"1\" loading=\"lazy\" decoding=\"async\" class=\"alignnone wp-image-88\" src=\"https:\/\/i0.wp.com\/tarahumaras.praxis.pro.br\/wp-content\/uploads\/2023\/01\/teatro_reduzido.png?resize=47%2C45&#038;ssl=1\" alt=\"\" width=\"47\" height=\"45\" \/><\/span><a href=\"https:\/\/tarahumaras.praxis.pro.br\/index.php\/falando-e-lis-1999\/\">FALANDO E LIS (1999)<\/a> &#8211; <strong>Texto de Fernando Arrabal &#8211; Encena\u00e7\u00e3o de <span style=\"font-size: 12pt;\"> <a href=\"https:\/\/wilsoncoelho.praxis.pro.br\/\">Wilson Co\u00ealho<\/a><\/span><\/strong><\/p>\n<p><span style=\"font-size: 12pt;\"><img data-recalc-dims=\"1\" loading=\"lazy\" decoding=\"async\" class=\"alignnone wp-image-88\" src=\"https:\/\/i0.wp.com\/tarahumaras.praxis.pro.br\/wp-content\/uploads\/2023\/01\/teatro_reduzido.png?resize=47%2C45&#038;ssl=1\" alt=\"\" width=\"47\" height=\"45\" \/>\u00a0<a href=\"https:\/\/tarahumaras.praxis.pro.br\/index.php\/os-ultimos-dias-de-pauperia-1998\/\">OS \u00daLTIMOS DIAS DE PAUP\u00c9RIA (1998)<\/a> &#8211; <strong>Texto e Encena\u00e7\u00e3o: <a href=\"https:\/\/wilsoncoelho.praxis.pro.br\/\">Wilson Co\u00ealho<\/a><\/strong><\/span><\/p>\n<p><span style=\"font-size: 12pt;\"><img data-recalc-dims=\"1\" loading=\"lazy\" decoding=\"async\" class=\"alignnone wp-image-88\" src=\"https:\/\/i0.wp.com\/tarahumaras.praxis.pro.br\/wp-content\/uploads\/2023\/01\/teatro_reduzido.png?resize=47%2C45&#038;ssl=1\" alt=\"\" width=\"47\" height=\"45\" \/><a href=\"https:\/\/tarahumaras.praxis.pro.br\/index.php\/violeta-dos-andes-1998\/\"> VIOLETA DOS ANDES (1998) <\/a>&#8211; <b>Tradu\u00e7\u00e3o, Texto e Encena\u00e7\u00e3o: <strong> <a href=\"https:\/\/wilsoncoelho.praxis.pro.br\/\">Wilson Co\u00ealho<\/a><\/strong><\/b><\/span><\/p>\n<p><span style=\"font-size: 12pt;\"><img data-recalc-dims=\"1\" loading=\"lazy\" decoding=\"async\" class=\"alignnone wp-image-88\" src=\"https:\/\/i0.wp.com\/tarahumaras.praxis.pro.br\/wp-content\/uploads\/2023\/01\/teatro_reduzido.png?resize=47%2C45&#038;ssl=1\" alt=\"\" width=\"47\" height=\"45\" \/><a href=\"https:\/\/tarahumaras.praxis.pro.br\/index.php\/para-acabar-com-o-julgamento-de-deus-1996\/\"> PARA ACABAR COM O JULGAMENTO DE DEUS (1996)<\/a> &#8211; <strong>Texto: Antonin Artaud &#8211; Tradu\u00e7\u00e3o, Adapta\u00e7\u00e3o e Encena\u00e7\u00e3o: Wilson Co\u00ealho<\/strong><\/span><\/p>\n<p><span style=\"font-size: 12pt;\"><img data-recalc-dims=\"1\" loading=\"lazy\" decoding=\"async\" class=\"alignnone wp-image-88\" src=\"https:\/\/i0.wp.com\/tarahumaras.praxis.pro.br\/wp-content\/uploads\/2023\/01\/teatro_reduzido.png?resize=47%2C45&#038;ssl=1\" alt=\"\" width=\"47\" height=\"45\" \/><a href=\"https:\/\/tarahumaras.praxis.pro.br\/index.php\/a-questao-se-coloca-de-1996\/\"> A QUEST\u00c3O SE COLOCA DE\u2026 (1996)<\/a> &#8211; <b>Roteiro e Encena\u00e7\u00e3o:<strong> <a href=\"https:\/\/wilsoncoelho.praxis.pro.br\/\">Wilson Co\u00ealho<\/a><\/strong><\/b><\/span><\/p>\n<p><span style=\"font-size: 12pt;\"><img data-recalc-dims=\"1\" loading=\"lazy\" decoding=\"async\" class=\"alignnone wp-image-88\" src=\"https:\/\/i0.wp.com\/tarahumaras.praxis.pro.br\/wp-content\/uploads\/2023\/01\/teatro_reduzido.png?resize=47%2C45&#038;ssl=1\" alt=\"\" width=\"47\" height=\"45\" \/><a href=\"https:\/\/tarahumaras.praxis.pro.br\/index.php\/van-gogh-1994\/\"> VAN GOGH (1994)<\/a>\u00a0&#8211; <strong>Texto e Encena\u00e7\u00e3o: <a href=\"https:\/\/wilsoncoelho.praxis.pro.br\/\">Wilson Co\u00ealho<\/a><\/strong><\/span><\/p>\n<p><span style=\"font-size: 12pt;\"><img data-recalc-dims=\"1\" loading=\"lazy\" decoding=\"async\" class=\"alignnone wp-image-88\" src=\"https:\/\/i0.wp.com\/tarahumaras.praxis.pro.br\/wp-content\/uploads\/2023\/01\/teatro_reduzido.png?resize=47%2C45&#038;ssl=1\" alt=\"\" width=\"47\" height=\"45\" \/><a href=\"https:\/\/tarahumaras.praxis.pro.br\/index.php\/requiem-1993\/\"> R\u00c9QUIEM (1993) <\/a>&#8211;\u00a0<strong>Texto: Miguel Bejarano &#8211; Tradu\u00e7\u00e3o, adapta\u00e7\u00e3o e Encena\u00e7\u00e3o: <a href=\"https:\/\/wilsoncoelho.praxis.pro.br\/\">Wilson Co\u00ealho<\/a><\/strong><\/span><\/p>\n<p><span style=\"font-size: 12pt;\"><img data-recalc-dims=\"1\" loading=\"lazy\" decoding=\"async\" class=\"alignnone wp-image-88\" src=\"https:\/\/i0.wp.com\/tarahumaras.praxis.pro.br\/wp-content\/uploads\/2023\/01\/teatro_reduzido.png?resize=47%2C45&#038;ssl=1\" alt=\"\" width=\"47\" height=\"45\" \/><a href=\"https:\/\/tarahumaras.praxis.pro.br\/index.php\/o-filho-prodigo-1992\/\"> O FILHO PR\u00d3DIGO (1992) <\/a>&#8211; <strong>Texto e Encena\u00e7\u00e3o: <a href=\"https:\/\/wilsoncoelho.praxis.pro.br\/\">Wilson Co\u00ealho<\/a><\/strong><\/span><\/p>\n<p><span style=\"font-size: 12pt;\"><img data-recalc-dims=\"1\" loading=\"lazy\" decoding=\"async\" class=\"alignnone wp-image-88\" src=\"https:\/\/i0.wp.com\/tarahumaras.praxis.pro.br\/wp-content\/uploads\/2023\/01\/teatro_reduzido.png?resize=47%2C45&#038;ssl=1\" alt=\"\" width=\"47\" height=\"45\" \/><a href=\"https:\/\/tarahumaras.praxis.pro.br\/index.php\/uma-temporada-no-inferno-1991\/\"> UMA TEMPORADA NO INFERNO (1991)<\/a> &#8211; <b>Texto e Encena\u00e7\u00e3o: <strong> <a href=\"https:\/\/wilsoncoelho.praxis.pro.br\/\">Wilson Co\u00ealho<\/a><\/strong><\/b><\/span><\/p>\n<p><span style=\"font-size: 12pt;\"><img data-recalc-dims=\"1\" loading=\"lazy\" decoding=\"async\" class=\"alignnone wp-image-88\" src=\"https:\/\/i0.wp.com\/tarahumaras.praxis.pro.br\/wp-content\/uploads\/2023\/01\/teatro_reduzido.png?resize=47%2C45&#038;ssl=1\" alt=\"\" width=\"47\" height=\"45\" \/><a href=\"https:\/\/tarahumaras.praxis.pro.br\/index.php\/a-tocha-olimpica-1990\/\"> A TOCHA OL\u00cdMPICA (1990) <\/a>&#8211;<strong> Texto e Encena\u00e7\u00e3o: <a href=\"https:\/\/wilsoncoelho.praxis.pro.br\/\">Wilson Co\u00ealho<\/a><\/strong><\/span><\/p>\n<p><span style=\"font-size: 12pt;\"><a href=\"https:\/\/tarahumaras.praxis.pro.br\/index.php\/antonin-artaud-atos-de-crueldade-1988-texto-e-encenacao-wilson-coelho\/\"><img data-recalc-dims=\"1\" loading=\"lazy\" decoding=\"async\" class=\"alignnone wp-image-88\" src=\"https:\/\/i0.wp.com\/tarahumaras.praxis.pro.br\/wp-content\/uploads\/2023\/01\/teatro_reduzido.png?resize=47%2C45&#038;ssl=1\" alt=\"\" width=\"47\" height=\"45\" \/><\/a><a href=\"https:\/\/tarahumaras.praxis.pro.br\/index.php\/artaud-e-seu-duplo-1990\/\"> ARTAUD E SEU DUPLO (1990) <\/a>&#8211; <b>Texto e Encena\u00e7\u00e3o: <strong> <a href=\"https:\/\/wilsoncoelho.praxis.pro.br\/\">Wilson Co\u00ealho<\/a><\/strong><\/b><\/span><\/p>\n<p><span style=\"font-size: 12pt;\"><a href=\"https:\/\/tarahumaras.praxis.pro.br\/index.php\/antonin-artaud-atos-de-crueldade-1988-texto-e-encenacao-wilson-coelho\/\"><img data-recalc-dims=\"1\" loading=\"lazy\" decoding=\"async\" class=\"alignnone wp-image-88\" src=\"https:\/\/i0.wp.com\/tarahumaras.praxis.pro.br\/wp-content\/uploads\/2023\/01\/teatro_reduzido.png?resize=47%2C45&#038;ssl=1\" alt=\"\" width=\"47\" height=\"45\" \/><\/a><a href=\"https:\/\/tarahumaras.praxis.pro.br\/index.php\/tribunal-ecologico-1989\/\"> TRIBUNAL ECOL\u00d3GICO (1989) <\/a>&#8211; <b>Texto e Encena\u00e7\u00e3o: <strong> <a href=\"https:\/\/wilsoncoelho.praxis.pro.br\/\">Wilson Co\u00ealho<\/a><\/strong><\/b><\/span><\/p>\n<p><span style=\"font-size: 12pt;\"><a href=\"https:\/\/tarahumaras.praxis.pro.br\/index.php\/antonin-artaud-atos-de-crueldade-1988-texto-e-encenacao-wilson-coelho\/\"><img data-recalc-dims=\"1\" loading=\"lazy\" decoding=\"async\" class=\"alignnone wp-image-88\" src=\"https:\/\/i0.wp.com\/tarahumaras.praxis.pro.br\/wp-content\/uploads\/2023\/01\/teatro_reduzido.png?resize=47%2C45&#038;ssl=1\" alt=\"\" width=\"47\" height=\"45\" \/><\/a><a href=\"https:\/\/tarahumaras.praxis.pro.br\/index.php\/o-sol-no-ceu-da-boca-1989-adaptacao-por-wilson-coelho-e-rodolfo-dartan\/\"> O SOL NO C\u00c9U DA BOCA (1989) <\/a>&#8211; <b>Texto:\u00a0<\/b>Adapta\u00e7\u00e3o por<b> <strong> <a href=\"https:\/\/wilsoncoelho.praxis.pro.br\/\">Wilson Co\u00ealho<\/a><\/strong> <\/b>e<b>\u00a0Rodolfo Dartan\u00a0<\/b>do conto hom\u00f4nimo de<b>\u00a0Fernando Tatagiba<\/b><\/span><\/p>\n<p><span style=\"font-size: 12pt;\"><a href=\"https:\/\/tarahumaras.praxis.pro.br\/index.php\/antonin-artaud-atos-de-crueldade-1988-texto-e-encenacao-wilson-coelho\/\"><img data-recalc-dims=\"1\" loading=\"lazy\" decoding=\"async\" class=\"alignnone wp-image-88\" src=\"https:\/\/i0.wp.com\/tarahumaras.praxis.pro.br\/wp-content\/uploads\/2023\/01\/teatro_reduzido.png?resize=47%2C45&#038;ssl=1\" alt=\"\" width=\"47\" height=\"45\" \/> ANTONIN ARTAUD \u2013 ATOS DE CRUELDADE (1988)<\/a> &#8211; <b>Texto e Encena\u00e7\u00e3o: <strong> <a href=\"https:\/\/wilsoncoelho.praxis.pro.br\/\">Wilson Co\u00ealho<\/a><\/strong><\/b><\/span><\/p>\n","protected":false},"excerpt":{"rendered":"<p>VIOLETA DOS ANDES (2024) &#8211; Tradu\u00e7\u00e3o, Texto e Encena\u00e7\u00e3o: Wilson Co\u00ealho \u00a0ORA\u00c7\u00c3O &#8211;\u00a0Tradu\u00e7\u00e3o e Encena\u00e7\u00e3o: Wilson Co\u00ealho \u00a0UM GRITO PARADO NO AR &#8211; Encena\u00e7\u00e3o: Wilson Co\u00ealho \u00a0OS \u00daLTIMOS DIAS DE PAUP\u00c9RIA (2016) &#8211; Texto e Encena\u00e7\u00e3o: Wilson Co\u00ealho \u00a0CARTA DE AMOR \u2013 Como um supl\u00edcio chin\u00eas (2014) &#8211; Texto: Fernando Arrabal &#8211; Tradu\u00e7\u00e3o e Encena\u00e7\u00e3o: <a class=\"more-link\" href=\"https:\/\/tarahumaras.praxis.pro.br\/index.php\/producao-teatral\/\">Leia mais&#8230; &raquo;<\/a><\/p>\n","protected":false},"author":1,"featured_media":0,"parent":0,"menu_order":0,"comment_status":"closed","ping_status":"closed","template":"","meta":{"footnotes":""},"class_list":["post-27","page","type-page","status-publish","hentry"],"jetpack_sharing_enabled":true,"_links":{"self":[{"href":"https:\/\/tarahumaras.praxis.pro.br\/index.php\/wp-json\/wp\/v2\/pages\/27","targetHints":{"allow":["GET"]}}],"collection":[{"href":"https:\/\/tarahumaras.praxis.pro.br\/index.php\/wp-json\/wp\/v2\/pages"}],"about":[{"href":"https:\/\/tarahumaras.praxis.pro.br\/index.php\/wp-json\/wp\/v2\/types\/page"}],"author":[{"embeddable":true,"href":"https:\/\/tarahumaras.praxis.pro.br\/index.php\/wp-json\/wp\/v2\/users\/1"}],"replies":[{"embeddable":true,"href":"https:\/\/tarahumaras.praxis.pro.br\/index.php\/wp-json\/wp\/v2\/comments?post=27"}],"version-history":[{"count":26,"href":"https:\/\/tarahumaras.praxis.pro.br\/index.php\/wp-json\/wp\/v2\/pages\/27\/revisions"}],"predecessor-version":[{"id":360,"href":"https:\/\/tarahumaras.praxis.pro.br\/index.php\/wp-json\/wp\/v2\/pages\/27\/revisions\/360"}],"wp:attachment":[{"href":"https:\/\/tarahumaras.praxis.pro.br\/index.php\/wp-json\/wp\/v2\/media?parent=27"}],"curies":[{"name":"wp","href":"https:\/\/api.w.org\/{rel}","templated":true}]}}