{"id":168,"date":"2023-01-31T22:10:19","date_gmt":"2023-02-01T01:10:19","guid":{"rendered":"https:\/\/tarahumaras.praxis.pro.br\/?page_id=168"},"modified":"2023-02-01T10:46:52","modified_gmt":"2023-02-01T13:46:52","slug":"falando-e-lis-1999","status":"publish","type":"page","link":"https:\/\/tarahumaras.praxis.pro.br\/index.php\/falando-e-lis-1999\/","title":{"rendered":"FALANDO E LIS (1999)"},"content":{"rendered":"<p>Texto de Fernando Arrabal &#8211; Encena\u00e7\u00e3o de <strong><span style=\"font-size: 12pt;\"><a href=\"https:\/\/wilsoncoelho.praxis.pro.br\/\">Wilson Co\u00ealho<\/a><\/span>.<\/strong><\/p>\n<p><img data-recalc-dims=\"1\" loading=\"lazy\" decoding=\"async\" class=\"alignnone size-large wp-image-169\" src=\"https:\/\/i0.wp.com\/tarahumaras.praxis.pro.br\/wp-content\/uploads\/2023\/01\/Fando-e-Lis-1.jpg?resize=780%2C943&#038;ssl=1\" alt=\"\" width=\"780\" height=\"943\" srcset=\"https:\/\/i0.wp.com\/tarahumaras.praxis.pro.br\/wp-content\/uploads\/2023\/01\/Fando-e-Lis-1-scaled.jpg?resize=847%2C1024&amp;ssl=1 847w, https:\/\/i0.wp.com\/tarahumaras.praxis.pro.br\/wp-content\/uploads\/2023\/01\/Fando-e-Lis-1-scaled.jpg?resize=248%2C300&amp;ssl=1 248w, https:\/\/i0.wp.com\/tarahumaras.praxis.pro.br\/wp-content\/uploads\/2023\/01\/Fando-e-Lis-1-scaled.jpg?resize=768%2C929&amp;ssl=1 768w, https:\/\/i0.wp.com\/tarahumaras.praxis.pro.br\/wp-content\/uploads\/2023\/01\/Fando-e-Lis-1-scaled.jpg?resize=1270%2C1536&amp;ssl=1 1270w, https:\/\/i0.wp.com\/tarahumaras.praxis.pro.br\/wp-content\/uploads\/2023\/01\/Fando-e-Lis-1-scaled.jpg?resize=1694%2C2048&amp;ssl=1 1694w, https:\/\/i0.wp.com\/tarahumaras.praxis.pro.br\/wp-content\/uploads\/2023\/01\/Fando-e-Lis-1-scaled.jpg?w=1560&amp;ssl=1 1560w\" sizes=\"auto, (max-width: 780px) 100vw, 780px\" \/><\/p>\n","protected":false},"excerpt":{"rendered":"<p>Texto de Fernando Arrabal &#8211; Encena\u00e7\u00e3o de Wilson Co\u00ealho.<\/p>\n","protected":false},"author":1,"featured_media":0,"parent":0,"menu_order":0,"comment_status":"closed","ping_status":"closed","template":"","meta":{"footnotes":""},"class_list":["post-168","page","type-page","status-publish","hentry"],"jetpack_sharing_enabled":true,"_links":{"self":[{"href":"https:\/\/tarahumaras.praxis.pro.br\/index.php\/wp-json\/wp\/v2\/pages\/168","targetHints":{"allow":["GET"]}}],"collection":[{"href":"https:\/\/tarahumaras.praxis.pro.br\/index.php\/wp-json\/wp\/v2\/pages"}],"about":[{"href":"https:\/\/tarahumaras.praxis.pro.br\/index.php\/wp-json\/wp\/v2\/types\/page"}],"author":[{"embeddable":true,"href":"https:\/\/tarahumaras.praxis.pro.br\/index.php\/wp-json\/wp\/v2\/users\/1"}],"replies":[{"embeddable":true,"href":"https:\/\/tarahumaras.praxis.pro.br\/index.php\/wp-json\/wp\/v2\/comments?post=168"}],"version-history":[{"count":3,"href":"https:\/\/tarahumaras.praxis.pro.br\/index.php\/wp-json\/wp\/v2\/pages\/168\/revisions"}],"predecessor-version":[{"id":274,"href":"https:\/\/tarahumaras.praxis.pro.br\/index.php\/wp-json\/wp\/v2\/pages\/168\/revisions\/274"}],"wp:attachment":[{"href":"https:\/\/tarahumaras.praxis.pro.br\/index.php\/wp-json\/wp\/v2\/media?parent=168"}],"curies":[{"name":"wp","href":"https:\/\/api.w.org\/{rel}","templated":true}]}}