{"id":16,"date":"2023-01-31T10:23:41","date_gmt":"2023-01-31T13:23:41","guid":{"rendered":"https:\/\/tarahumaras.praxis.pro.br\/?page_id=16"},"modified":"2023-02-01T10:49:58","modified_gmt":"2023-02-01T13:49:58","slug":"o-sol-no-ceu-da-boca-1989-adaptacao-por-wilson-coelho-e-rodolfo-dartan","status":"publish","type":"page","link":"https:\/\/tarahumaras.praxis.pro.br\/index.php\/o-sol-no-ceu-da-boca-1989-adaptacao-por-wilson-coelho-e-rodolfo-dartan\/","title":{"rendered":"O SOL NO C\u00c9U DA BOCA (1989)"},"content":{"rendered":"<p style=\"font-weight: 400;\"><strong>Texto:\u00a0<\/strong>Adapta\u00e7\u00e3o por<strong> <span style=\"font-size: 12pt;\"><a href=\"https:\/\/wilsoncoelho.praxis.pro.br\/\">Wilson Co\u00ealho<\/a><\/span>\u00a0<\/strong>e<strong>\u00a0Rodolfo Dartan\u00a0<\/strong>do conto hom\u00f4nimo<strong>\u00a0<\/strong>de<strong> Fernando Tatagiba &#8211; <\/strong><strong>Encena\u00e7\u00e3o: Rodolfo Dartan<\/strong><\/p>\n<p style=\"font-weight: 400;\"><strong>Sinopse:\u00a0<\/strong>Um louco faz planos para fugir do hosp\u00edcio onde passou toda a sua vida. Quando por fim consegue pular o muro, encontra o mundo de fora com o povo nas ruas em pleno carnaval. Na quarta-feira de cinzas volta para o hosp\u00edcio e n\u00e3o tem coragem de contar para ningu\u00e9m o que viu no mundo que existe do outro lado do muro.<\/p>\n<p><img data-recalc-dims=\"1\" loading=\"lazy\" decoding=\"async\" class=\"alignnone wp-image-17 size-full\" src=\"https:\/\/i0.wp.com\/tarahumaras.praxis.pro.br\/wp-content\/uploads\/2023\/01\/imagem-2.jpg?resize=780%2C642&#038;ssl=1\" alt=\"\" width=\"780\" height=\"642\" srcset=\"https:\/\/i0.wp.com\/tarahumaras.praxis.pro.br\/wp-content\/uploads\/2023\/01\/imagem-2.jpg?w=820&amp;ssl=1 820w, https:\/\/i0.wp.com\/tarahumaras.praxis.pro.br\/wp-content\/uploads\/2023\/01\/imagem-2.jpg?resize=300%2C247&amp;ssl=1 300w, https:\/\/i0.wp.com\/tarahumaras.praxis.pro.br\/wp-content\/uploads\/2023\/01\/imagem-2.jpg?resize=768%2C632&amp;ssl=1 768w\" sizes=\"auto, (max-width: 780px) 100vw, 780px\" \/> <img data-recalc-dims=\"1\" loading=\"lazy\" decoding=\"async\" class=\"alignnone wp-image-18 size-full\" src=\"https:\/\/i0.wp.com\/tarahumaras.praxis.pro.br\/wp-content\/uploads\/2023\/01\/O-sol-no-ceu-da-boca-8.jpg?resize=592%2C896&#038;ssl=1\" alt=\"\" width=\"592\" height=\"896\" srcset=\"https:\/\/i0.wp.com\/tarahumaras.praxis.pro.br\/wp-content\/uploads\/2023\/01\/O-sol-no-ceu-da-boca-8.jpg?w=592&amp;ssl=1 592w, https:\/\/i0.wp.com\/tarahumaras.praxis.pro.br\/wp-content\/uploads\/2023\/01\/O-sol-no-ceu-da-boca-8.jpg?resize=198%2C300&amp;ssl=1 198w\" sizes=\"auto, (max-width: 592px) 100vw, 592px\" \/><\/p>\n<p>&nbsp;<\/p>\n","protected":false},"excerpt":{"rendered":"<p>Texto:\u00a0Adapta\u00e7\u00e3o por Wilson Co\u00ealho\u00a0e\u00a0Rodolfo Dartan\u00a0do conto hom\u00f4nimo\u00a0de Fernando Tatagiba &#8211; Encena\u00e7\u00e3o: Rodolfo Dartan Sinopse:\u00a0Um louco faz planos para fugir do hosp\u00edcio onde passou toda a sua vida. Quando por fim consegue pular o muro, encontra o mundo de fora com o povo nas ruas em pleno carnaval. Na quarta-feira de cinzas volta para o hosp\u00edcio <a class=\"more-link\" href=\"https:\/\/tarahumaras.praxis.pro.br\/index.php\/o-sol-no-ceu-da-boca-1989-adaptacao-por-wilson-coelho-e-rodolfo-dartan\/\">Leia mais&#8230; &raquo;<\/a><\/p>\n","protected":false},"author":1,"featured_media":0,"parent":0,"menu_order":0,"comment_status":"closed","ping_status":"closed","template":"","meta":{"footnotes":""},"class_list":["post-16","page","type-page","status-publish","hentry"],"jetpack_sharing_enabled":true,"_links":{"self":[{"href":"https:\/\/tarahumaras.praxis.pro.br\/index.php\/wp-json\/wp\/v2\/pages\/16","targetHints":{"allow":["GET"]}}],"collection":[{"href":"https:\/\/tarahumaras.praxis.pro.br\/index.php\/wp-json\/wp\/v2\/pages"}],"about":[{"href":"https:\/\/tarahumaras.praxis.pro.br\/index.php\/wp-json\/wp\/v2\/types\/page"}],"author":[{"embeddable":true,"href":"https:\/\/tarahumaras.praxis.pro.br\/index.php\/wp-json\/wp\/v2\/users\/1"}],"replies":[{"embeddable":true,"href":"https:\/\/tarahumaras.praxis.pro.br\/index.php\/wp-json\/wp\/v2\/comments?post=16"}],"version-history":[{"count":3,"href":"https:\/\/tarahumaras.praxis.pro.br\/index.php\/wp-json\/wp\/v2\/pages\/16\/revisions"}],"predecessor-version":[{"id":286,"href":"https:\/\/tarahumaras.praxis.pro.br\/index.php\/wp-json\/wp\/v2\/pages\/16\/revisions\/286"}],"wp:attachment":[{"href":"https:\/\/tarahumaras.praxis.pro.br\/index.php\/wp-json\/wp\/v2\/media?parent=16"}],"curies":[{"name":"wp","href":"https:\/\/api.w.org\/{rel}","templated":true}]}}