{"id":155,"date":"2023-01-31T22:03:35","date_gmt":"2023-02-01T01:03:35","guid":{"rendered":"https:\/\/tarahumaras.praxis.pro.br\/?page_id=155"},"modified":"2023-02-01T10:52:47","modified_gmt":"2023-02-01T13:52:47","slug":"sobre-o-tarahumaras","status":"publish","type":"page","link":"https:\/\/tarahumaras.praxis.pro.br\/index.php\/sobre-o-tarahumaras\/","title":{"rendered":"Sobre o Tarahumaras"},"content":{"rendered":"<p><span style=\"font-size: 14pt;\"><strong>HIST\u00d3RICO DO TARAHUMARAS<\/strong><em>\u00a0<\/em><\/span><\/p>\n<p style=\"font-weight: 400;\"><strong>\u00a0<\/strong>Os Tarahumaras perpassam a Grande Vit\u00f3ria. Atravessam a pequenos passos grandes caminhos em busca de si mesmos e de outros. Misturam-se aos transeuntes que, muitas vezes, seguem indiferentes \u00e0 pr\u00f3pria exist\u00eancia. N\u00e3o se sabe de onde vieram e, tampouco, para onde v\u00e3o. Sabe-se apenas que est\u00e3o no caminho. O que acontece mesmo \u00e9 que \u2013 independente da busca de algo que n\u00e3o se situa no mero conceito de espa\u00e7o \u2013 est\u00e3o alojados nos seios da urbanidade. O sentido de mundo em quest\u00e3o: sobreviv\u00eancia. A quest\u00e3o do sentido entre o que permanece e suas muta\u00e7\u00f5es. Tarahumaras, o grupo teatral. Uma pesquisa do Homem, seu meio, sua ang\u00fastia e sua utopia. Trabalha para \u201cviver\u201d e \u201csobreviver\u201d, como quem experimenta extremas situa\u00e7\u00f5es, os dois lados da mesma corda, em estado permanente de tens\u00e3o. E da\u00ed? Experimentar no dia-a-dia a possibilidade do Homem perguntando-se a si mesmo pelo Homem, a busca do Ser. Porque o Mundo n\u00e3o existe, mas existe o sentido que damos para ele. E existem muitos sentidos que podem e devem ser mudados.\u00a0 Somos trabalhadores que fazem do \u00f3cio a sua ferramenta em busca da compreens\u00e3o daquilo que ainda n\u00e3o compreendemos.<strong>\u201d<\/strong><\/p>\n<h3><strong><span style=\"font-size: 14pt;\">PESQUISA E FORMA\u00c7\u00c3O DE ATORES<\/span><\/strong><\/h3>\n<p style=\"font-weight: 400;\">Fundado aos 10 de outubro de 1987, em Vit\u00f3ria-ES, o Tarahumaras se dedica \u00e0 pesquisa de linguagem est\u00e9tica e cultural e &#8211; a partir de constantes experimenta\u00e7\u00f5es, tanto no processo de cria\u00e7\u00e3o quanto na rela\u00e7\u00e3o com o p\u00fablico &#8211; tem desenvolvido um trabalho voltado para a cultura latino-americana, apesar de suas influ\u00eancias de outras &#8220;escolas&#8221; de teatro, principalmente, da linha &#8216;n\u00e3o-aristot\u00e9lica&#8217;.<\/p>\n<p style=\"font-weight: 400;\">O nome\u00a0<em>Tarahumaras<\/em>\u00a0que, na l\u00edngua nauhatl, significa &#8220;corredores a p\u00e9&#8221; (tarah=<em>corredor<\/em>\u00a0e, umara=<em>p\u00e9<\/em>) \u00e9 uma homenagem ao poeta,<strong>\u00a0<\/strong>dramaturgo,<strong>\u00a0<\/strong>cen\u00f3grafo, ator de teatro e cinema franc\u00eas, Antonin Artaud, em virtude de sua viagem ao M\u00e9xico e sua estadia entre os &#8216;\u00edndios&#8217; Tarahumaras (1936), quando conheceu os ritos e magias que vieram a influenciar toda a sua obra posterior.<\/p>\n<p style=\"font-weight: 400;\">Com seus espet\u00e1culos, o Grupo Tarahumaras, al\u00e9m de temporadas, tem apresentado como convidado em diversos encontros e festivais, nacionais e internacionais. Mas, afora os espet\u00e1culos em si, o Grupo realiza trabalhos em comunidades e junto a outras entidades da sociedade civil, principalmente, por interm\u00e9dio de seu encenador <a href=\"https:\/\/wilsoncoelho.praxis.pro.br\/\">Wilson Co\u00ealho<\/a> que desenvolve um trabalho de investiga\u00e7\u00e3o pr\u00e1tica e te\u00f3rica sobre as novas tend\u00eancias no teatro latino-americano, al\u00e9m de participar com muita freq\u00fc\u00eancia de semin\u00e1rios, encontros, debates, festivais nacionais e internacionais. Ao longo deste trabalho de pesquisa, o Grupo tem desenvolvido uma linguagem pr\u00f3pria no seu fazer-teatral e, consequentemente, por sua <em>demarche<\/em>, tornou-se objeto de estudo da francesa Catherine Faudry em sua tese, na Universit\u00e9 Stendhal, Grenoble-France, intitulada \u201c<em>Th\u00e9\u00e2tre au Br\u00e9sil: Explotation des Tendances Actueles dans la Recherche d\u2019une Communication avec le Public\u201d.<\/em><\/p>\n<p style=\"font-weight: 400;\">Desde 1987, o Grupo Tarahumaras desenvolve pesquisa teatral no Estado do Esp\u00edrito Santo, na regi\u00e3o da Grande Vit\u00f3ria. A regi\u00e3o possui uma popula\u00e7\u00e3o estimada em 1 milh\u00e3o de habitantes. A maioria dos habitantes \u00e9 descendente de italianos, portugueses, alem\u00e3es, negros e &#8220;\u00edndios&#8221;.<\/p>\n<p style=\"font-weight: 400;\">A bagagem cultural que os moradores acumulam atrav\u00e9s de suas ra\u00edzes, mais a miscigena\u00e7\u00e3o, aliados \u00e0 necessidade de adapta\u00e7\u00e3o para sobreviv\u00eancia numa cidade como Vit\u00f3ria, transformam-na numa fonte potencial de pesquisa c\u00eanica. N\u00e3o significa que o Grupo se atenha a uma apologia ao &#8220;regional&#8221;, mas trabalha no sentido de buscar o uno existente na diversidade, ou seja, persegue o que \u00e9 universal neste particular ou nestes particulares.<\/p>\n<h4><strong><span style=\"font-size: 14pt;\">HORIZONTE ART\u00cdSTICO<\/span><\/strong><\/h4>\n<p style=\"font-weight: 400;\">Dentro deste contexto, nasce o grupo Tarahumaras. O trabalho do diretor <a href=\"https:\/\/wilsoncoelho.praxis.pro.br\/\">Wilson Co\u00ealho<\/a>, leva em considera\u00e7\u00e3o estas caracter\u00edsticas para potencializ\u00e1-las no ser humano, na pessoa, munida da percep\u00e7\u00e3o da realidade.\u00a0 Ou seja, as pr\u00f3prias car\u00eancias resultaram na forma do fazer-art\u00edstico na busca de um Homem mais verdadeiro. \u00c9 o que se pode chamar de po\u00e9tica dos atores. Trabalha-se o Homem e suas car\u00eancias, a incompreens\u00e3o que ele sofre na sociedade da qual faz parte.<\/p>\n<p style=\"font-weight: 400;\">O ator do Grupo Tarahumaras tem consci\u00eancia n\u00e3o s\u00f3 do fazer teatral, mas est\u00e1 preparado para trabalhar com outras pessoas, decodificando suas exist\u00eancias, descobrindo suas potencialidades enquanto seres humanos. Busca-se uma nova linguagem, uma nova dramaturgia, um novo ator.<\/p>\n<p style=\"font-weight: 400;\"><span style=\"font-size: 14pt;\"><strong>ENTRANDO EM CENA<\/strong><\/span><\/p>\n<p style=\"font-weight: 400;\">Apesar de fundado em outubro de 1987, foi justamente em outubro de 1988, que o grupo Tarahumaras sobe ao palco pela primeira vez, com a pe\u00e7a &#8220;Antonin Artaud \u2013 Atos de Crueldade&#8221;, no Teatro Metr\u00f3polis da Universidade Federal do Esp\u00edrito Santo. Essa pe\u00e7a, escrita e dirigida por <a href=\"https:\/\/wilsoncoelho.praxis.pro.br\/\">Wilson Co\u00ealho<\/a>, participa do V Festival Capixaba de Teatro Amador, organizado pela FECATA \u2013 Federa\u00e7\u00e3o Capixaba de Teatro Amador. Concorrendo com diversos grupos do estado, leva os trof\u00e9us de &#8220;Melhor Espet\u00e1culo&#8221; e &#8220;Melhor Texto&#8221;, al\u00e9m de indica\u00e7\u00e3o para &#8220;Melhor Ator&#8221; para o protagonista Edmilson Maestri. Devido ao seu enfoque e questionamento sobre a loucura, levando em conta que o poeta-personagem viveu longos nove anos em diversos manic\u00f4mios, \u201cAntonin Artaud \u2013 Atos de Crueldade\u201d foi apresentada em diversos espa\u00e7os, servindo como base para a discuss\u00e3o sobre como a ci\u00eancia e a sociedade tratam de nossos loucos nos dias de hoje.<\/p>\n<p style=\"font-weight: 400;\">Na seq\u00fc\u00eancia, montou diversos outros espet\u00e1culos e participou de diversos festivais nacionais e internacionais como, por exemplo, entre outros, o FESTIMINAS \u2013 Festival de Teatro de Minas Gerais, organizado pela Federa\u00e7\u00e3o de Teatro de Minas Gerais, realizado em Betim e ENTEPOLA \u2013 Encuentro de Teatro Popular Latino-Americano, realizado anualmente Santiado de Chile e promovido pela Sociedad Cultural La Carreta.<\/p>\n<p style=\"font-weight: 400;\">Al\u00e9m de ser um grupo ativo em todos os movimentos sociais e culturais, tamb\u00e9m produziu e realizou o &#8220;Vir\u00e1 Que Eu Vi \u2013 2000&#8221; \u2013 Encuentro Latino-Americano de Teatro, na cidade Nova Ven\u00e9cia-ES, 1995, com a participa\u00e7\u00e3o dos grupos &#8220;Poquelin&#8221;, de Bahia Blanca, Argentina; &#8220;Huerequeque&#8221;, de Chiclayo, Peru e &#8220;Sociedad Cultural Teatro La Carreta, de Santiado de Chile, al\u00e9m de diversos grupos do Brasil e Esp\u00edrito Santo.<\/p>\n<p style=\"font-weight: 400;\"><span style=\"font-size: 14pt;\"><strong>O ENCENADOR<\/strong><\/span><\/p>\n<p style=\"font-weight: 400;\">O encenador diretor <a href=\"https:\/\/wilsoncoelho.praxis.pro.br\/\">Wilson Co\u00ealho<\/a> \u00e9 poeta, tradutor, palestrante, dramaturgo e escritor com 24 livros publicados, licenciado e bacharel em Filosofia e Mestre em Estudos Liter\u00e1rios pela Universidade Federal do Esp\u00edrito Santo, Doutor em Literatura Comparada pela Universidade Federal Fluminense e\u00a0<em>Auditor Real<\/em>\u00a0do Coll\u00e8ge de Pataphysique de Paris, do qual recebeu, em 2013 o diploma de \u201cCommandeur Exquis\u201d.\u00a0 Assina a dire\u00e7\u00e3o de 26 espet\u00e1culos montados com o Grupo Tarahumaras de Teatro, com participa\u00e7\u00e3o em festivais e semin\u00e1rios de teatro no pa\u00eds e no exterior, como Espanha, Chile, Argentina, Fran\u00e7a e Cuba, ministrando palestras e oficinas.\u00a0Atuando como ator desde 1977, passou a aplicar junto ao\u00a0 Grupo Tarahumaras \u2013 a partir de 1987 \u2013 um m\u00e9todo pr\u00f3prio de pesquisa, somado a todos os seus conhecimentos sobre teatro, adquiridos em outros grupos e movimentos s\u00f3cio-culturais como, por exemplo, participa\u00e7\u00e3o em movimentos estudantis,\u00a0 ecol\u00f3gicos, sindicais e populares.<\/p>\n<p style=\"font-weight: 400;\">Tendo em vista sua participa\u00e7\u00e3o em diversos festivais nacionais e internacionais, em especial no II Simp\u00f3sio Internacional sobre o &#8220;Teatro N\u00e3o-Aristot\u00e9lico, realizado em Barcelona, Espanha (1991), assim como, participa\u00e7\u00f5es em outros eventos como oficinando, oficineiro, palestrante, debatedor e jurado, traz em sua bagagem influ\u00eancias de contatos diretos com nomes importantes da cena latino-americana e internacional, como Santiago Garcia, Egon Wolf, Lino Rojas,\u00a0 H\u00e9ctor Rodrigues Brussa, Victor Sotto, David Musa, Alejandro S\u00e1enz, Miguel Bejarano, Fernando Arrabal, Enrique Buenaventura, Vicente Revuelta e outros.<\/p>\n","protected":false},"excerpt":{"rendered":"<p>HIST\u00d3RICO DO TARAHUMARAS\u00a0 \u00a0Os Tarahumaras perpassam a Grande Vit\u00f3ria. Atravessam a pequenos passos grandes caminhos em busca de si mesmos e de outros. Misturam-se aos transeuntes que, muitas vezes, seguem indiferentes \u00e0 pr\u00f3pria exist\u00eancia. N\u00e3o se sabe de onde vieram e, tampouco, para onde v\u00e3o. Sabe-se apenas que est\u00e3o no caminho. O que acontece mesmo <a class=\"more-link\" href=\"https:\/\/tarahumaras.praxis.pro.br\/index.php\/sobre-o-tarahumaras\/\">Leia mais&#8230; &raquo;<\/a><\/p>\n","protected":false},"author":1,"featured_media":0,"parent":0,"menu_order":0,"comment_status":"closed","ping_status":"closed","template":"","meta":{"footnotes":""},"class_list":["post-155","page","type-page","status-publish","hentry"],"jetpack_sharing_enabled":true,"_links":{"self":[{"href":"https:\/\/tarahumaras.praxis.pro.br\/index.php\/wp-json\/wp\/v2\/pages\/155","targetHints":{"allow":["GET"]}}],"collection":[{"href":"https:\/\/tarahumaras.praxis.pro.br\/index.php\/wp-json\/wp\/v2\/pages"}],"about":[{"href":"https:\/\/tarahumaras.praxis.pro.br\/index.php\/wp-json\/wp\/v2\/types\/page"}],"author":[{"embeddable":true,"href":"https:\/\/tarahumaras.praxis.pro.br\/index.php\/wp-json\/wp\/v2\/users\/1"}],"replies":[{"embeddable":true,"href":"https:\/\/tarahumaras.praxis.pro.br\/index.php\/wp-json\/wp\/v2\/comments?post=155"}],"version-history":[{"count":5,"href":"https:\/\/tarahumaras.praxis.pro.br\/index.php\/wp-json\/wp\/v2\/pages\/155\/revisions"}],"predecessor-version":[{"id":289,"href":"https:\/\/tarahumaras.praxis.pro.br\/index.php\/wp-json\/wp\/v2\/pages\/155\/revisions\/289"}],"wp:attachment":[{"href":"https:\/\/tarahumaras.praxis.pro.br\/index.php\/wp-json\/wp\/v2\/media?parent=155"}],"curies":[{"name":"wp","href":"https:\/\/api.w.org\/{rel}","templated":true}]}}