{"id":144,"date":"2023-01-31T15:23:47","date_gmt":"2023-01-31T18:23:47","guid":{"rendered":"https:\/\/tarahumaras.praxis.pro.br\/?page_id=144"},"modified":"2023-02-01T10:44:52","modified_gmt":"2023-02-01T13:44:52","slug":"oracao","status":"publish","type":"page","link":"https:\/\/tarahumaras.praxis.pro.br\/index.php\/oracao\/","title":{"rendered":"ORA\u00c7\u00c3O"},"content":{"rendered":"<p><strong>Tradu\u00e7\u00e3o e Encena\u00e7\u00e3o: <span style=\"font-size: 12pt;\"> <a href=\"https:\/\/wilsoncoelho.praxis.pro.br\/\">Wilson Co\u00ealho<\/a><\/span>.<\/strong><\/p>\n<p><strong>Sinopse:<\/strong> Nesta obra, a partir de F\u00eddio e Lilbe, Fernando Arrabal faz com que os personagens recorram ao caminho que os levaria \u00e0 bondade, depois de terem assassinado, por pura brincadeira e para preencher o tempo, ao filho rec\u00e9m-nascido. Da\u00ed, tendo como base alguns trechos da B\u00edblia, de G\u00eanesis \u00e0 vida de Cristo, onde Deus tamb\u00e9m promove a morte do pr\u00f3prio filho, estamos diante de uma ambienta\u00e7\u00e3o c\u00eanica cerimonial, onde F\u00eddio faz um maravilhoso relato como nos contos de fada para emocionar com ternura sua devo\u00e7\u00e3o \u00e0 sua amada Lilbe.<\/p>\n<p><img data-recalc-dims=\"1\" loading=\"lazy\" decoding=\"async\" class=\"alignnone size-full wp-image-125\" src=\"https:\/\/i0.wp.com\/tarahumaras.praxis.pro.br\/wp-content\/uploads\/2023\/01\/Oracion-2.jpg?resize=780%2C386&#038;ssl=1\" alt=\"\" width=\"780\" height=\"386\" srcset=\"https:\/\/i0.wp.com\/tarahumaras.praxis.pro.br\/wp-content\/uploads\/2023\/01\/Oracion-2.jpg?w=973&amp;ssl=1 973w, https:\/\/i0.wp.com\/tarahumaras.praxis.pro.br\/wp-content\/uploads\/2023\/01\/Oracion-2.jpg?resize=300%2C148&amp;ssl=1 300w, https:\/\/i0.wp.com\/tarahumaras.praxis.pro.br\/wp-content\/uploads\/2023\/01\/Oracion-2.jpg?resize=768%2C380&amp;ssl=1 768w\" sizes=\"auto, (max-width: 780px) 100vw, 780px\" \/><\/p>\n","protected":false},"excerpt":{"rendered":"<p>Tradu\u00e7\u00e3o e Encena\u00e7\u00e3o: Wilson Co\u00ealho. Sinopse: Nesta obra, a partir de F\u00eddio e Lilbe, Fernando Arrabal faz com que os personagens recorram ao caminho que os levaria \u00e0 bondade, depois de terem assassinado, por pura brincadeira e para preencher o tempo, ao filho rec\u00e9m-nascido. Da\u00ed, tendo como base alguns trechos da B\u00edblia, de G\u00eanesis \u00e0 <a class=\"more-link\" href=\"https:\/\/tarahumaras.praxis.pro.br\/index.php\/oracao\/\">Leia mais&#8230; &raquo;<\/a><\/p>\n","protected":false},"author":1,"featured_media":0,"parent":0,"menu_order":0,"comment_status":"closed","ping_status":"closed","template":"","meta":{"footnotes":""},"class_list":["post-144","page","type-page","status-publish","hentry"],"jetpack_sharing_enabled":true,"_links":{"self":[{"href":"https:\/\/tarahumaras.praxis.pro.br\/index.php\/wp-json\/wp\/v2\/pages\/144","targetHints":{"allow":["GET"]}}],"collection":[{"href":"https:\/\/tarahumaras.praxis.pro.br\/index.php\/wp-json\/wp\/v2\/pages"}],"about":[{"href":"https:\/\/tarahumaras.praxis.pro.br\/index.php\/wp-json\/wp\/v2\/types\/page"}],"author":[{"embeddable":true,"href":"https:\/\/tarahumaras.praxis.pro.br\/index.php\/wp-json\/wp\/v2\/users\/1"}],"replies":[{"embeddable":true,"href":"https:\/\/tarahumaras.praxis.pro.br\/index.php\/wp-json\/wp\/v2\/comments?post=144"}],"version-history":[{"count":7,"href":"https:\/\/tarahumaras.praxis.pro.br\/index.php\/wp-json\/wp\/v2\/pages\/144\/revisions"}],"predecessor-version":[{"id":267,"href":"https:\/\/tarahumaras.praxis.pro.br\/index.php\/wp-json\/wp\/v2\/pages\/144\/revisions\/267"}],"wp:attachment":[{"href":"https:\/\/tarahumaras.praxis.pro.br\/index.php\/wp-json\/wp\/v2\/media?parent=144"}],"curies":[{"name":"wp","href":"https:\/\/api.w.org\/{rel}","templated":true}]}}