{"id":142,"date":"2023-01-31T15:23:22","date_gmt":"2023-01-31T18:23:22","guid":{"rendered":"https:\/\/tarahumaras.praxis.pro.br\/?page_id=142"},"modified":"2023-02-01T10:45:25","modified_gmt":"2023-02-01T13:45:25","slug":"um-grito-parado-no-ar","status":"publish","type":"page","link":"https:\/\/tarahumaras.praxis.pro.br\/index.php\/um-grito-parado-no-ar\/","title":{"rendered":"UM GRITO PARADO NO AR"},"content":{"rendered":"<p><strong>Tradu\u00e7\u00e3o e Encena\u00e7\u00e3o: <span style=\"font-size: 12pt;\"><a href=\"https:\/\/wilsoncoelho.praxis.pro.br\/\">Wilson Co\u00ealho<\/a><\/span>.<\/strong><\/p>\n<p><strong>Sinopse:<\/strong>\u00a0 Leitura Dram\u00e1tica do texto de Gianfrancesco Guarnieri e dire\u00e7\u00e3o de Wilson Co\u00ealho, na Escola T\u00e9cnica Municipal de Teatro, Dan\u00e7a e M\u00fasica (FAFI), com Nysio Chris\u00f3stomo, Mauricio Fuziyama, Wilson Co\u00ealho, Uyara Pahins Coelho, Berenice Pahins, Andr\u00e9a Lobo, Fran Bernardes, Monique Rocha e Alessandro Dar\u00f3s. A pe\u00e7a<strong>\u00a0<\/strong>conta a hist\u00f3ria de\u00a0um\u00a0grupo de artistas \u2013\u00a0um\u00a0diretor e cinco atores \u2013 que procuram desenvolver seu trabalho enfrentando todos os tipos de press\u00f5es externas, cujas causas s\u00e3o apenas sugeridas pelo autor. Para conseguirem seu intento enfrentam v\u00e1rias dificuldades que acabam provocando diversas crises entre eles mesmos. O autor se utiliza da linguagem do \u201cmetateatro\u201d, ou seja, o teatro dentro do teatro, discutindo a si mesmo como uma met\u00e1fora para dizer do mundo de fora.<\/p>\n<p><img data-recalc-dims=\"1\" loading=\"lazy\" decoding=\"async\" class=\"alignnone size-large wp-image-123\" src=\"https:\/\/i0.wp.com\/tarahumaras.praxis.pro.br\/wp-content\/uploads\/2023\/01\/DSC_0028.jpg?resize=780%2C519&#038;ssl=1\" alt=\"\" width=\"780\" height=\"519\" srcset=\"https:\/\/i0.wp.com\/tarahumaras.praxis.pro.br\/wp-content\/uploads\/2023\/01\/DSC_0028-scaled.jpg?resize=1024%2C681&amp;ssl=1 1024w, https:\/\/i0.wp.com\/tarahumaras.praxis.pro.br\/wp-content\/uploads\/2023\/01\/DSC_0028-scaled.jpg?resize=300%2C199&amp;ssl=1 300w, https:\/\/i0.wp.com\/tarahumaras.praxis.pro.br\/wp-content\/uploads\/2023\/01\/DSC_0028-scaled.jpg?resize=768%2C511&amp;ssl=1 768w, https:\/\/i0.wp.com\/tarahumaras.praxis.pro.br\/wp-content\/uploads\/2023\/01\/DSC_0028-scaled.jpg?resize=1536%2C1021&amp;ssl=1 1536w, https:\/\/i0.wp.com\/tarahumaras.praxis.pro.br\/wp-content\/uploads\/2023\/01\/DSC_0028-scaled.jpg?resize=2048%2C1362&amp;ssl=1 2048w, https:\/\/i0.wp.com\/tarahumaras.praxis.pro.br\/wp-content\/uploads\/2023\/01\/DSC_0028-scaled.jpg?w=2340&amp;ssl=1 2340w\" sizes=\"auto, (max-width: 780px) 100vw, 780px\" \/> <img data-recalc-dims=\"1\" loading=\"lazy\" decoding=\"async\" class=\"alignnone size-large wp-image-122\" src=\"https:\/\/i0.wp.com\/tarahumaras.praxis.pro.br\/wp-content\/uploads\/2023\/01\/DSC_0143.jpg?resize=780%2C520&#038;ssl=1\" alt=\"\" width=\"780\" height=\"520\" srcset=\"https:\/\/i0.wp.com\/tarahumaras.praxis.pro.br\/wp-content\/uploads\/2023\/01\/DSC_0143-scaled.jpg?resize=1024%2C683&amp;ssl=1 1024w, https:\/\/i0.wp.com\/tarahumaras.praxis.pro.br\/wp-content\/uploads\/2023\/01\/DSC_0143-scaled.jpg?resize=300%2C200&amp;ssl=1 300w, https:\/\/i0.wp.com\/tarahumaras.praxis.pro.br\/wp-content\/uploads\/2023\/01\/DSC_0143-scaled.jpg?resize=768%2C512&amp;ssl=1 768w, https:\/\/i0.wp.com\/tarahumaras.praxis.pro.br\/wp-content\/uploads\/2023\/01\/DSC_0143-scaled.jpg?resize=1536%2C1024&amp;ssl=1 1536w, https:\/\/i0.wp.com\/tarahumaras.praxis.pro.br\/wp-content\/uploads\/2023\/01\/DSC_0143-scaled.jpg?resize=2048%2C1365&amp;ssl=1 2048w, https:\/\/i0.wp.com\/tarahumaras.praxis.pro.br\/wp-content\/uploads\/2023\/01\/DSC_0143-scaled.jpg?w=2340&amp;ssl=1 2340w\" sizes=\"auto, (max-width: 780px) 100vw, 780px\" \/><\/p>\n","protected":false},"excerpt":{"rendered":"<p>Tradu\u00e7\u00e3o e Encena\u00e7\u00e3o: Wilson Co\u00ealho. Sinopse:\u00a0 Leitura Dram\u00e1tica do texto de Gianfrancesco Guarnieri e dire\u00e7\u00e3o de Wilson Co\u00ealho, na Escola T\u00e9cnica Municipal de Teatro, Dan\u00e7a e M\u00fasica (FAFI), com Nysio Chris\u00f3stomo, Mauricio Fuziyama, Wilson Co\u00ealho, Uyara Pahins Coelho, Berenice Pahins, Andr\u00e9a Lobo, Fran Bernardes, Monique Rocha e Alessandro Dar\u00f3s. A pe\u00e7a\u00a0conta a hist\u00f3ria de\u00a0um\u00a0grupo de <a class=\"more-link\" href=\"https:\/\/tarahumaras.praxis.pro.br\/index.php\/um-grito-parado-no-ar\/\">Leia mais&#8230; &raquo;<\/a><\/p>\n","protected":false},"author":1,"featured_media":0,"parent":0,"menu_order":0,"comment_status":"closed","ping_status":"closed","template":"","meta":{"footnotes":""},"class_list":["post-142","page","type-page","status-publish","hentry"],"jetpack_sharing_enabled":true,"_links":{"self":[{"href":"https:\/\/tarahumaras.praxis.pro.br\/index.php\/wp-json\/wp\/v2\/pages\/142","targetHints":{"allow":["GET"]}}],"collection":[{"href":"https:\/\/tarahumaras.praxis.pro.br\/index.php\/wp-json\/wp\/v2\/pages"}],"about":[{"href":"https:\/\/tarahumaras.praxis.pro.br\/index.php\/wp-json\/wp\/v2\/types\/page"}],"author":[{"embeddable":true,"href":"https:\/\/tarahumaras.praxis.pro.br\/index.php\/wp-json\/wp\/v2\/users\/1"}],"replies":[{"embeddable":true,"href":"https:\/\/tarahumaras.praxis.pro.br\/index.php\/wp-json\/wp\/v2\/comments?post=142"}],"version-history":[{"count":6,"href":"https:\/\/tarahumaras.praxis.pro.br\/index.php\/wp-json\/wp\/v2\/pages\/142\/revisions"}],"predecessor-version":[{"id":268,"href":"https:\/\/tarahumaras.praxis.pro.br\/index.php\/wp-json\/wp\/v2\/pages\/142\/revisions\/268"}],"wp:attachment":[{"href":"https:\/\/tarahumaras.praxis.pro.br\/index.php\/wp-json\/wp\/v2\/media?parent=142"}],"curies":[{"name":"wp","href":"https:\/\/api.w.org\/{rel}","templated":true}]}}