{"id":101,"date":"2023-01-31T14:56:25","date_gmt":"2023-01-31T17:56:25","guid":{"rendered":"https:\/\/tarahumaras.praxis.pro.br\/?page_id=101"},"modified":"2023-02-01T10:46:25","modified_gmt":"2023-02-01T13:46:25","slug":"o-cemiterio-de-automoveis-2010","status":"publish","type":"page","link":"https:\/\/tarahumaras.praxis.pro.br\/index.php\/o-cemiterio-de-automoveis-2010\/","title":{"rendered":"O CEMIT\u00c9RIO DE AUTOM\u00d3VEIS (2010)"},"content":{"rendered":"<p style=\"font-weight: 400;\"><strong>Texto, Tradu\u00e7\u00e3o e Encena\u00e7\u00e3o: <span style=\"font-size: 12pt;\"><a href=\"https:\/\/wilsoncoelho.praxis.pro.br\/\">Wilson Co\u00ealho<\/a><\/span>.<\/strong><\/p>\n<p style=\"font-weight: 400;\"><strong>Sinopse:\u00a0<\/strong>O texto de Fernando Arrabal<strong>\u00a0<\/strong>vem a ser uma vers\u00e3<strong>o<\/strong><strong>\u00a0<\/strong>muito peculiar da vida e paix\u00e3o<strong>\u00a0<\/strong>de Cristo, a quem dar\u00e1<strong>\u00a0<\/strong>o<strong>\u00a0<\/strong>nome de Eman\u00fa (com a supress\u00e3o<strong>\u00a0<\/strong>do sufixo \u201cel\u201d, que em hebreu significa<strong>\u00a0<\/strong><em>Deus<\/em>,<strong>\u00a0<\/strong>o<strong>\u00a0<\/strong>autor expressa sua op\u00e7\u00e3o<strong>\u00a0<\/strong>exclusiva pelo humano). A a\u00e7\u00e3o<strong>\u00a0<\/strong>tem lugar num espa\u00e7o<strong>\u00a0<\/strong>c\u00eanico enormemente sugestivo cuja decora\u00e7\u00e3o<strong>\u00a0<\/strong>espetacular Arrabal introduz no teatro as tend\u00eancias materiais das artes pl\u00e1sticas.<strong>\u00a0<\/strong>O<strong>\u00a0<\/strong>mundo vem configurado por um sub\u00farbio de barracos e mis\u00e9ria, de luzes e sombras, representado por um amontoamento em diversos n\u00edveis de<strong>\u00a0<\/strong>carros<strong>\u00a0<\/strong>queimados. Com a chegada de Eman\u00fa, que pretende, junto com Foder (Pedro) e Tope (Judas) alegrar a vida dos pobres do<strong>\u00a0<\/strong>cemit\u00e9rio, as rela\u00e7\u00f5es se transtornam.<strong>\u00a0<\/strong>O<strong>\u00a0<\/strong>trio de instrumentistas de<strong>\u00a0<\/strong><em>jazz<\/em>, encabe\u00e7ado por Eman\u00fa, que toca a trompete, aparece como um elemento perturbador.<\/p>\n<p>\u00a0<img data-recalc-dims=\"1\" loading=\"lazy\" decoding=\"async\" class=\"alignnone wp-image-103 \" src=\"https:\/\/i0.wp.com\/tarahumaras.praxis.pro.br\/wp-content\/uploads\/2023\/01\/Berenice-Pahins-em-O-Cemiterio-de-Automoveis.jpg?resize=780%2C519&#038;ssl=1\" alt=\"\" width=\"780\" height=\"519\" srcset=\"https:\/\/i0.wp.com\/tarahumaras.praxis.pro.br\/wp-content\/uploads\/2023\/01\/Berenice-Pahins-em-O-Cemiterio-de-Automoveis.jpg?w=640&amp;ssl=1 640w, https:\/\/i0.wp.com\/tarahumaras.praxis.pro.br\/wp-content\/uploads\/2023\/01\/Berenice-Pahins-em-O-Cemiterio-de-Automoveis.jpg?resize=300%2C200&amp;ssl=1 300w\" sizes=\"auto, (max-width: 780px) 100vw, 780px\" \/><\/p>\n<p><img data-recalc-dims=\"1\" loading=\"lazy\" decoding=\"async\" class=\"alignnone size-large wp-image-102\" src=\"https:\/\/i0.wp.com\/tarahumaras.praxis.pro.br\/wp-content\/uploads\/2023\/01\/Divulgacao-cemiterio-de-automoveis-7.jpg?resize=780%2C585&#038;ssl=1\" alt=\"\" width=\"780\" height=\"585\" srcset=\"https:\/\/i0.wp.com\/tarahumaras.praxis.pro.br\/wp-content\/uploads\/2023\/01\/Divulgacao-cemiterio-de-automoveis-7.jpg?resize=1024%2C768&amp;ssl=1 1024w, https:\/\/i0.wp.com\/tarahumaras.praxis.pro.br\/wp-content\/uploads\/2023\/01\/Divulgacao-cemiterio-de-automoveis-7.jpg?resize=300%2C225&amp;ssl=1 300w, https:\/\/i0.wp.com\/tarahumaras.praxis.pro.br\/wp-content\/uploads\/2023\/01\/Divulgacao-cemiterio-de-automoveis-7.jpg?resize=768%2C576&amp;ssl=1 768w, https:\/\/i0.wp.com\/tarahumaras.praxis.pro.br\/wp-content\/uploads\/2023\/01\/Divulgacao-cemiterio-de-automoveis-7.jpg?resize=1536%2C1152&amp;ssl=1 1536w, https:\/\/i0.wp.com\/tarahumaras.praxis.pro.br\/wp-content\/uploads\/2023\/01\/Divulgacao-cemiterio-de-automoveis-7.jpg?resize=2048%2C1536&amp;ssl=1 2048w, https:\/\/i0.wp.com\/tarahumaras.praxis.pro.br\/wp-content\/uploads\/2023\/01\/Divulgacao-cemiterio-de-automoveis-7.jpg?w=2340&amp;ssl=1 2340w\" sizes=\"auto, (max-width: 780px) 100vw, 780px\" \/><\/p>\n<p>&nbsp;<\/p>\n","protected":false},"excerpt":{"rendered":"<p>Texto, Tradu\u00e7\u00e3o e Encena\u00e7\u00e3o: Wilson Co\u00ealho. Sinopse:\u00a0O texto de Fernando Arrabal\u00a0vem a ser uma vers\u00e3o\u00a0muito peculiar da vida e paix\u00e3o\u00a0de Cristo, a quem dar\u00e1\u00a0o\u00a0nome de Eman\u00fa (com a supress\u00e3o\u00a0do sufixo \u201cel\u201d, que em hebreu significa\u00a0Deus,\u00a0o\u00a0autor expressa sua op\u00e7\u00e3o\u00a0exclusiva pelo humano). A a\u00e7\u00e3o\u00a0tem lugar num espa\u00e7o\u00a0c\u00eanico enormemente sugestivo cuja decora\u00e7\u00e3o\u00a0espetacular Arrabal introduz no teatro as tend\u00eancias <a class=\"more-link\" href=\"https:\/\/tarahumaras.praxis.pro.br\/index.php\/o-cemiterio-de-automoveis-2010\/\">Leia mais&#8230; &raquo;<\/a><\/p>\n","protected":false},"author":1,"featured_media":0,"parent":0,"menu_order":0,"comment_status":"closed","ping_status":"closed","template":"","meta":{"footnotes":""},"class_list":["post-101","page","type-page","status-publish","hentry"],"jetpack_sharing_enabled":true,"_links":{"self":[{"href":"https:\/\/tarahumaras.praxis.pro.br\/index.php\/wp-json\/wp\/v2\/pages\/101","targetHints":{"allow":["GET"]}}],"collection":[{"href":"https:\/\/tarahumaras.praxis.pro.br\/index.php\/wp-json\/wp\/v2\/pages"}],"about":[{"href":"https:\/\/tarahumaras.praxis.pro.br\/index.php\/wp-json\/wp\/v2\/types\/page"}],"author":[{"embeddable":true,"href":"https:\/\/tarahumaras.praxis.pro.br\/index.php\/wp-json\/wp\/v2\/users\/1"}],"replies":[{"embeddable":true,"href":"https:\/\/tarahumaras.praxis.pro.br\/index.php\/wp-json\/wp\/v2\/comments?post=101"}],"version-history":[{"count":5,"href":"https:\/\/tarahumaras.praxis.pro.br\/index.php\/wp-json\/wp\/v2\/pages\/101\/revisions"}],"predecessor-version":[{"id":272,"href":"https:\/\/tarahumaras.praxis.pro.br\/index.php\/wp-json\/wp\/v2\/pages\/101\/revisions\/272"}],"wp:attachment":[{"href":"https:\/\/tarahumaras.praxis.pro.br\/index.php\/wp-json\/wp\/v2\/media?parent=101"}],"curies":[{"name":"wp","href":"https:\/\/api.w.org\/{rel}","templated":true}]}}